{"id":216,"date":"2025-12-11T00:13:27","date_gmt":"2025-12-11T00:13:27","guid":{"rendered":"https:\/\/lupa.dk\/?page_id=216"},"modified":"2026-01-25T22:01:47","modified_gmt":"2026-01-25T21:01:47","slug":"om","status":"publish","type":"page","link":"https:\/\/lupa.dk\/da\/om\/","title":{"rendered":"Om"},"content":{"rendered":"<div data-elementor-type=\"wp-page\" data-elementor-id=\"216\" class=\"elementor elementor-216\" data-elementor-post-type=\"page\">\n\t\t\t\t<div class=\"elementor-element elementor-element-f36ddb3 e-flex e-con-boxed e-con e-parent\" data-id=\"f36ddb3\" data-element_type=\"container\" data-e-type=\"container\">\n\t\t\t\t\t<div class=\"e-con-inner\">\n\t\t<div class=\"elementor-element elementor-element-fddc287 e-con-full e-flex e-con e-child\" data-id=\"fddc287\" data-element_type=\"container\" data-e-type=\"container\">\n\t\t\t\t<div class=\"elementor-element elementor-element-6e4d0ea elementor-widget elementor-widget-heading\" data-id=\"6e4d0ea\" data-element_type=\"widget\" data-e-type=\"widget\" data-widget_type=\"heading.default\">\n\t\t\t\t\t<h1 class=\"elementor-heading-title elementor-size-default\">Ekspertise i cirkul\u00e6r \u00f8konomi og b\u00e6redygtig supply chain<\/h1>\t\t\t\t<\/div>\n\t\t\t\t<div class=\"elementor-element elementor-element-133305a elementor-widget elementor-widget-text-editor\" data-id=\"133305a\" data-element_type=\"widget\" data-e-type=\"widget\" data-widget_type=\"text-editor.default\">\n\t\t\t\t\t\t\t\t\t<p>Jeg hj\u00e6lper organisationer med at \u00f8ge rentabiliteten og opbygge modstandsdygtighed ved at adskille v\u00e6kst fra ressourceforbrug.<\/p>\t\t\t\t\t\t\t\t<\/div>\n\t\t\t\t<div class=\"elementor-element elementor-element-56ade76 elementor-widget elementor-widget-text-editor\" data-id=\"56ade76\" data-element_type=\"widget\" data-e-type=\"widget\" data-widget_type=\"text-editor.default\">\n\t\t\t\t\t\t\t\t\t<p>Miguel Brand \u2013 Baggrund og erfaring<\/p>\t\t\t\t\t\t\t\t<\/div>\n\t\t\t\t<div class=\"elementor-element elementor-element-7933962 elementor-widget elementor-widget-text-editor\" data-id=\"7933962\" data-element_type=\"widget\" data-e-type=\"widget\" data-widget_type=\"text-editor.default\">\n\t\t\t\t\t\t\t\t\t<p>Med mere end 20 \u00e5rs erfaring inden for indk\u00f8b og forsyningsk\u00e6de har min karriere udviklet sig p\u00e5 tv\u00e6rs af en bred vifte af brancher og organisatoriske sammenh\u00e6nge. En stor del af dette arbejde er blevet udf\u00f8rt i virksomheder med et st\u00e6rkt teknisk fundament. Dette passer godt til min egen tekniske baggrund og har formet en struktureret, analytisk tilgang til at l\u00f8se udfordringer i erhvervslivet.<\/p><p>Mit fokus skiftede mod forretningstransformation, hvilket f\u00f8rte til, at jeg kom til at lede strategiske initiativer inden for indk\u00f8b, forsyningsk\u00e6de og digitalisering i bil- og vedvarende energisektoren. Selvom det meste af dette arbejde fandt sted i store, multinationale organisationer, har det underliggende fokus altid v\u00e6ret p\u00e5 at skabe forretningsv\u00e6rdi, og denne tilgang er lige s\u00e5 relevant for mindre og mellemstore virksomheder.<\/p>\t\t\t\t\t\t\t\t<\/div>\n\t\t\t\t<div class=\"elementor-element elementor-element-770bfd1 elementor-widget elementor-widget-text-editor\" data-id=\"770bfd1\" data-element_type=\"widget\" data-e-type=\"widget\" data-widget_type=\"text-editor.default\">\n\t\t\t\t\t\t\t\t\t<p>Fra forandring til cirkul\u00e6r \u00f8konomi<\/p>\t\t\t\t\t\t\t\t<\/div>\n\t\t\t\t<div class=\"elementor-element elementor-element-5fe121b elementor-widget elementor-widget-text-editor\" data-id=\"5fe121b\" data-element_type=\"widget\" data-e-type=\"widget\" data-widget_type=\"text-editor.default\">\n\t\t\t\t\t\t\t\t\t<p data-start=\"1677\" data-end=\"2074\">At arbejde p\u00e5 tv\u00e6rs af flere funktioner og teams kr\u00e6vede, at jeg s\u00e5 p\u00e5 problemer fra forskellige perspektiver, forstod, hvordan beslutninger p\u00e5 \u00e9t omr\u00e5de p\u00e5virker andre, og nedbr\u00f8d komplekse udfordringer i h\u00e5ndterbare dele. Over tid l\u00e6rte dette mig, hvordan jeg kunne anvende en praktisk og systematisk m\u00e5de at arbejde med kompleksitet p\u00e5, i stedet for at blive overv\u00e6ldet af den.<\/p><p data-start=\"2076\" data-end=\"2574\">Min interesse for cirkularitet begyndte for mange \u00e5r siden og blev inspireret af Cradle-to-Cradle-teorien og arbejdet i Ellen MacArthur Foundation. Mit stigende professionelle fokus p\u00e5 b\u00e6redygtighed blev formet af et mere radikalt paradigmeskift i stedet for gradvise forbedringer. I stedet for at betragte b\u00e6redygtighed som en samling af isolerede initiativer, fremstod cirkularitet som en st\u00e6rk strategisk ramme, der g\u00f8r det muligt for organisationer at bruge ressourcer mere effektivt, lukke materiale- og v\u00e6rdikredsl\u00f8b og opbygge langsigtet modstandsdygtighed i en stadig mere begr\u00e6nset verden.<\/p>\t\t\t\t\t\t\t\t<\/div>\n\t\t\t\t<div class=\"elementor-element elementor-element-94e4820 elementor-widget elementor-widget-text-editor\" data-id=\"94e4820\" data-element_type=\"widget\" data-e-type=\"widget\" data-widget_type=\"text-editor.default\">\n\t\t\t\t\t\t\t\t\t<p>Ambition og tilgang<\/p>\t\t\t\t\t\t\t\t<\/div>\n\t\t\t\t<div class=\"elementor-element elementor-element-a17625e elementor-widget elementor-widget-text-editor\" data-id=\"a17625e\" data-element_type=\"widget\" data-e-type=\"widget\" data-widget_type=\"text-editor.default\">\n\t\t\t\t\t\t\t\t\t<p data-start=\"2576\" data-end=\"3073\">I dag danner denne kombination af transformationserfaring, systemt\u00e6nkning og ekspertise inden for cirkul\u00e6r \u00f8konomi grundlaget for min tilgang til r\u00e5dgivning. Min ambition er at st\u00f8tte organisationer i at g\u00e5 videre end konventionelle b\u00e6redygtighedstiltag og over mod mere strategiske, langsigtede cirkul\u00e6re forretningsmodeller. Forretningsmodeller, der integrerer cirkul\u00e6re principper i kernen af, hvordan v\u00e6rdi skabes og opretholdes, for at opn\u00e5 ressourceeffektivitet, forbedret rentabilitet og langsigtet modstandsdygtighed.<\/p><p data-start=\"3075\" data-end=\"3261\">Ud over mit arbejde som konsulent underviser jeg i cirkul\u00e6r \u00f8konomi, livscyklusanalyse, supply chain management og andre fag p\u00e5 bacheloruddannelserne p\u00e5 VIA University College.<\/p>\t\t\t\t\t\t\t\t<\/div>\n\t\t\t\t<div class=\"elementor-element elementor-element-2b08e21 elementor-widget elementor-widget-heading\" data-id=\"2b08e21\" data-element_type=\"widget\" data-e-type=\"widget\" data-widget_type=\"heading.default\">\n\t\t\t\t\t<h2 class=\"elementor-heading-title elementor-size-default\">F\u00e6rdigheder og kompetencer<\/h2>\t\t\t\t<\/div>\n\t\t\t\t<div class=\"elementor-element elementor-element-51bf359 elementor-widget elementor-widget-text-editor\" data-id=\"51bf359\" data-element_type=\"widget\" data-e-type=\"widget\" data-widget_type=\"text-editor.default\">\n\t\t\t\t\t\t\t\t\t<ul><li>Omfattende erfaring inden for supply chain, indk\u00f8b, business transformation, projektledelse og digitalisering.<\/li><\/ul><ul><li>God kommunikator med en positiv indstilling, der kan sikre godkendelse p\u00e5 alle niveauer i virksomheden.<\/li><\/ul><ul><li>Kreativ, nysgerrig og ikke bange for at udfordre eksisterende paradigmer.<\/li><\/ul>\t\t\t\t\t\t\t\t<\/div>\n\t\t\t\t<div class=\"elementor-element elementor-element-f0cc0d5 elementor-widget elementor-widget-heading\" data-id=\"f0cc0d5\" data-element_type=\"widget\" data-e-type=\"widget\" data-widget_type=\"heading.default\">\n\t\t\t\t\t<h2 class=\"elementor-heading-title elementor-size-default\">Uddannelse<\/h2>\t\t\t\t<\/div>\n\t\t\t\t<div class=\"elementor-element elementor-element-db52be2 elementor-widget elementor-widget-text-editor\" data-id=\"db52be2\" data-element_type=\"widget\" data-e-type=\"widget\" data-widget_type=\"text-editor.default\">\n\t\t\t\t\t\t\t\t\t<ul><li>Civilingeni\u00f8r ved Leeds Metropolitan University<\/li><\/ul><ul><li>Postgraduate-diplom i European Enterprise Management, Universitaterne i Barcelona og Poitiers<\/li><\/ul><ul><li>Kandidatgrad i Sustainable Architecture and Energy Efficiency, LaSalle Barcelona<\/li><\/ul>\t\t\t\t\t\t\t\t<\/div>\n\t\t\t\t<div class=\"elementor-element elementor-element-2fce089 elementor-widget elementor-widget-heading\" data-id=\"2fce089\" data-element_type=\"widget\" data-e-type=\"widget\" data-widget_type=\"heading.default\">\n\t\t\t\t\t<h2 class=\"elementor-heading-title elementor-size-default\">Courses<\/h2>\t\t\t\t<\/div>\n\t\t\t\t<div class=\"elementor-element elementor-element-67bd392 elementor-widget elementor-widget-text-editor\" data-id=\"67bd392\" data-element_type=\"widget\" data-e-type=\"widget\" data-widget_type=\"text-editor.default\">\n\t\t\t\t\t\t\t\t\t<ul><li>Engineering Design for a Circular Economy, EDX<\/li><li>Circular Economy &#8211; Sustainable Materials Management, Coursera<\/li><\/ul>\t\t\t\t\t\t\t\t<\/div>\n\t\t\t\t<\/div>\n\t\t<div class=\"elementor-element elementor-element-ab3b50e e-con-full e-flex e-con e-child\" data-id=\"ab3b50e\" data-element_type=\"container\" data-e-type=\"container\">\n\t\t\t\t<div class=\"elementor-element elementor-element-eb066bd elementor-widget elementor-widget-image\" data-id=\"eb066bd\" data-element_type=\"widget\" data-e-type=\"widget\" data-widget_type=\"image.default\">\n\t\t\t\t\t\t\t\t\t\t\t\t\t\t\t<img fetchpriority=\"high\" decoding=\"async\" width=\"300\" height=\"400\" src=\"https:\/\/lupa.dk\/wp-content\/uploads\/2025\/12\/Miguel-keynote.jpg\" class=\"attachment-full size-full wp-image-514\" alt=\"\" srcset=\"https:\/\/lupa.dk\/wp-content\/uploads\/2025\/12\/Miguel-keynote.jpg 300w, https:\/\/lupa.dk\/wp-content\/uploads\/2025\/12\/Miguel-keynote-9x12.jpg 9w\" sizes=\"(max-width: 300px) 100vw, 300px\" \/>\t\t\t\t\t\t\t\t\t\t\t\t\t\t\t<\/div>\n\t\t\t\t<div class=\"elementor-element elementor-element-068c83c elementor-widget elementor-widget-text-editor\" data-id=\"068c83c\" data-element_type=\"widget\" data-e-type=\"widget\" data-widget_type=\"text-editor.default\">\n\t\t\t\t\t\t\t\t\t<p>F\u00f8lg mig p\u00e5 LinkedIn<\/p>\t\t\t\t\t\t\t\t<\/div>\n\t\t\t\t<div class=\"elementor-element elementor-element-7c65111 elementor-view-default elementor-widget elementor-widget-icon\" data-id=\"7c65111\" data-element_type=\"widget\" data-e-type=\"widget\" data-widget_type=\"icon.default\">\n\t\t\t\t\t\t\t<div class=\"elementor-icon-wrapper\">\n\t\t\t<a class=\"elementor-icon\" href=\"https:\/\/linkedin.com\/in\/miguelbrand\/\" target=\"_blank\" rel=\"noopener\">\n\t\t\t<svg aria-hidden=\"true\" class=\"e-font-icon-svg e-fab-linkedin\" viewbox=\"0 0 448 512\" xmlns=\"http:\/\/www.w3.org\/2000\/svg\"><path d=\"M416 32H31.9C14.3 32 0 46.5 0 64.3v383.4C0 465.5 14.3 480 31.9 480H416c17.6 0 32-14.5 32-32.3V64.3c0-17.8-14.4-32.3-32-32.3zM135.4 416H69V202.2h66.5V416zm-33.2-243c-21.3 0-38.5-17.3-38.5-38.5S80.9 96 102.2 96c21.2 0 38.5 17.3 38.5 38.5 0 21.3-17.2 38.5-38.5 38.5zm282.1 243h-66.4V312c0-24.8-.5-56.7-34.5-56.7-34.6 0-39.9 27-39.9 54.9V416h-66.4V202.2h63.7v29.2h.9c8.9-16.8 30.6-34.5 62.9-34.5 67.2 0 79.7 44.3 79.7 101.9V416z\"><\/path><\/svg>\t\t\t<\/a>\n\t\t<\/div>\n\t\t\t\t\t\t<\/div>\n\t\t\t\t<\/div>\n\t\t\t\t\t<\/div>\n\t\t\t\t<\/div>\n\t\t\t\t<\/div>","protected":false},"excerpt":{"rendered":"<p>Expertise in circular economy and sustainable supply chain I help organisations increase profitability and build resilience by decoupling growth from resource use. Miguel Brand &#8211; BACKGROUND AND EXPERIENCE With more than 20 years of experience in procurement and supply chain, my career has developed across a wide range of industries and organisational contexts. Much of [&hellip;]<\/p>\n","protected":false},"author":1,"featured_media":0,"parent":0,"menu_order":0,"comment_status":"closed","ping_status":"closed","template":"","meta":{"_acf_changed":false,"footnotes":""},"class_list":["post-216","page","type-page","status-publish","hentry"],"acf":[],"_links":{"self":[{"href":"https:\/\/lupa.dk\/da\/wp-json\/wp\/v2\/pages\/216","targetHints":{"allow":["GET"]}}],"collection":[{"href":"https:\/\/lupa.dk\/da\/wp-json\/wp\/v2\/pages"}],"about":[{"href":"https:\/\/lupa.dk\/da\/wp-json\/wp\/v2\/types\/page"}],"author":[{"embeddable":true,"href":"https:\/\/lupa.dk\/da\/wp-json\/wp\/v2\/users\/1"}],"replies":[{"embeddable":true,"href":"https:\/\/lupa.dk\/da\/wp-json\/wp\/v2\/comments?post=216"}],"version-history":[{"count":3,"href":"https:\/\/lupa.dk\/da\/wp-json\/wp\/v2\/pages\/216\/revisions"}],"predecessor-version":[{"id":3416,"href":"https:\/\/lupa.dk\/da\/wp-json\/wp\/v2\/pages\/216\/revisions\/3416"}],"wp:attachment":[{"href":"https:\/\/lupa.dk\/da\/wp-json\/wp\/v2\/media?parent=216"}],"curies":[{"name":"wp","href":"https:\/\/api.w.org\/{rel}","templated":true}]}}